{"id":769,"date":"2022-03-22T10:32:06","date_gmt":"2022-03-22T09:32:06","guid":{"rendered":"https:\/\/location-vacances-andalousie.com\/condiciones-generales\/"},"modified":"2022-03-22T10:32:06","modified_gmt":"2022-03-22T09:32:06","slug":"condiciones-generales","status":"publish","type":"page","link":"https:\/\/location-vacances-andalousie.com\/es\/condiciones-generales\/","title":{"rendered":"Condiciones generales"},"content":{"rendered":"<p>[et_pb_section fb_built=\u00bb1&#8243; _builder_version=\u00bb4.15.1&#8243; _module_preset=\u00bbdefault\u00bb global_colors_info=\u00bb{}\u00bb][et_pb_row _builder_version=\u00bb4.15.1&#8243; _module_preset=\u00bbdefault\u00bb custom_padding=\u00bb||49px|||\u00bb global_colors_info=\u00bb{}\u00bb][et_pb_column type=\u00bb4_4&#8243; _builder_version=\u00bb4.15.1&#8243; _module_preset=\u00bbdefault\u00bb global_colors_info=\u00bb{}\u00bb][et_pb_text _builder_version=\u00bb4.15.1&#8243; _module_preset=\u00bbdefault\u00bb header_text_color=\u00bb#C7143D\u00bb header_font_size=\u00bb41px\u00bb hover_enabled=\u00bb0&#8243; global_colors_info=\u00bb{}\u00bb custom_margin=\u00bb||50px||false|false\u00bb sticky_enabled=\u00bb0&#8243;]<\/p>\n<h1 style=\"text-align: center;\"><strong>Condiciones generales<\/strong><\/h1>\n<p>[\/et_pb_text][et_pb_text _builder_version=\u00bb4.15.1&#8243; _module_preset=\u00bbdefault\u00bb global_colors_info=\u00bb{}\u00bb]<\/p>\n<div class=\"et_pb_column et_pb_column_1_2 et_pb_column_10 et_pb_css_mix_blend_mode_passthrough\">\n<div class=\"et_pb_module et_pb_blurb et_pb_blurb_0 et_pb_text_align_left et_pb_blurb_position_top et_pb_bg_layout_light\">\n<div class=\"et_pb_blurb_content\">\n<div class=\"et_pb_blurb_container\">\n<h5 class=\"et_pb_module_header\"><span>Registro de entrada y salida<\/span><\/h5>\n<div class=\"et_pb_blurb_description\">\n<p>La entrada es a partir de las 17 horas y la salida antes de las 11 horas. Si tiene alg\u00fan problema, inf\u00f3rmenos lo antes posible.<\/p>\n<\/div>\n<\/div>\n<\/div>\n<\/div>\n<div class=\"et_pb_module et_pb_blurb et_pb_blurb_1 et_pb_text_align_left et_pb_blurb_position_top et_pb_bg_layout_light\">\n<div class=\"et_pb_blurb_content\">\n<div class=\"et_pb_blurb_container\">\n<h5 class=\"et_pb_module_header\"><span>Respeto por el medio ambiente<\/span><\/h5>\n<div class=\"et_pb_blurb_description\">\n<p>Para su comodidad y la de sus vecinos, se han definido normas de uso de los locales. Estas normas se aplican desde el principio hasta el final de la estancia:<\/p>\n<ul>\n<li>Est\u00e1 prohibido fumar en las zonas interiores.<\/li>\n<li>No se admiten animales<\/li>\n<li>No est\u00e1 permitido hacer fiestas en el piso<\/li>\n<li>Se permite un m\u00e1ximo de 2 personas por habitaci\u00f3n.<\/li>\n<li>Por razones de seguridad, los ni\u00f1os menores de 12 a\u00f1os no pueden entrar en las habitaciones. Se admiten ni\u00f1os mayores de 12 a\u00f1os, bajo la supervisi\u00f3n y responsabilidad de los adultos acompa\u00f1antes.<\/li>\n<\/ul>\n<\/div>\n<\/div>\n<\/div>\n<\/div>\n<\/div>\n<div class=\"et_pb_column et_pb_column_1_2 et_pb_column_11 et_pb_css_mix_blend_mode_passthrough et-last-child\">\n<div class=\"et_pb_module et_pb_blurb et_pb_blurb_2 et_pb_text_align_left et_pb_blurb_position_top et_pb_bg_layout_light\">\n<div class=\"et_pb_blurb_content\">\n<div class=\"et_pb_blurb_container\">\n<h5 class=\"et_pb_module_header\"><span>Pol\u00edtica de cancelaci\u00f3n<\/span><\/h5>\n<div class=\"et_pb_blurb_description\">\n<p>A veces es necesario cancelar un viaje. Hemos optado por una pol\u00edtica de cancelaci\u00f3n respetuosa con el viajero y los anfitriones:<\/p>\n<p>Se puede cancelar hasta 30 d\u00edas antes de la fecha de llegada. S\u00f3lo se retendr\u00e1 una tasa administrativa de 15 euros.<\/p>\n<p><strong>Sp\u00e9cial P\u00e9riode Covid:<br \/><\/strong>Si en el momento de su estancia la normativa ya no permite viajar entre su pa\u00eds y Espa\u00f1a (o Andaluc\u00eda), la cancelaci\u00f3n es posible hasta 1 semana antes de la fecha de llegada.<\/p>\n<\/div>\n<\/div>\n<\/div>\n<\/div>\n<\/div>\n<p>&nbsp;<\/p>\n<p>[\/et_pb_text][\/et_pb_column][\/et_pb_row][\/et_pb_section]<\/p>\n","protected":false},"excerpt":{"rendered":"<p>Condiciones generales Registro de entrada y salida La entrada es a partir de las 17 horas y la salida antes de las 11 horas. Si tiene alg\u00fan problema, inf\u00f3rmenos lo antes posible. Respeto por el medio ambiente Para su comodidad y la de sus vecinos, se han definido normas de uso de los locales. Estas [&hellip;]<\/p>\n","protected":false},"author":1,"featured_media":0,"parent":0,"menu_order":0,"comment_status":"closed","ping_status":"closed","template":"","meta":{"_et_pb_use_builder":"on","_et_pb_old_content":"","_et_gb_content_width":"","footnotes":""},"yoast_head":"<!-- This site is optimized with the Yoast SEO plugin v23.5 - https:\/\/yoast.com\/wordpress\/plugins\/seo\/ -->\n<title>Condiciones generales - La Casa de Vicky<\/title>\n<meta name=\"robots\" content=\"index, follow, max-snippet:-1, max-image-preview:large, max-video-preview:-1\" \/>\n<link rel=\"canonical\" href=\"https:\/\/location-vacances-andalousie.com\/condiciones-generales\/\" \/>\n<meta property=\"og:locale\" content=\"es_ES\" \/>\n<meta property=\"og:type\" content=\"article\" \/>\n<meta property=\"og:title\" content=\"Condiciones generales - La Casa de Vicky\" \/>\n<meta property=\"og:description\" content=\"Condiciones generales Registro de entrada y salida La entrada es a partir de las 17 horas y la salida antes de las 11 horas. Si tiene alg\u00fan problema, inf\u00f3rmenos lo antes posible. Respeto por el medio ambiente Para su comodidad y la de sus vecinos, se han definido normas de uso de los locales. Estas [&hellip;]\" \/>\n<meta property=\"og:url\" content=\"https:\/\/location-vacances-andalousie.com\/condiciones-generales\/\" \/>\n<meta property=\"og:site_name\" content=\"La Casa de Vicky\" \/>\n<meta name=\"twitter:card\" content=\"summary_large_image\" \/>\n<meta name=\"twitter:label1\" content=\"Tiempo de lectura\" \/>\n\t<meta name=\"twitter:data1\" content=\"2 minutos\" \/>\n<script type=\"application\/ld+json\" class=\"yoast-schema-graph\">{\"@context\":\"https:\/\/schema.org\",\"@graph\":[{\"@type\":\"WebPage\",\"@id\":\"https:\/\/location-vacances-andalousie.com\/condiciones-generales\/\",\"url\":\"https:\/\/location-vacances-andalousie.com\/condiciones-generales\/\",\"name\":\"Condiciones generales - La Casa de Vicky\",\"isPartOf\":{\"@id\":\"https:\/\/location-vacances-andalousie.com\/#website\"},\"datePublished\":\"2022-03-22T09:32:06+00:00\",\"dateModified\":\"2022-03-22T09:32:06+00:00\",\"breadcrumb\":{\"@id\":\"https:\/\/location-vacances-andalousie.com\/condiciones-generales\/#breadcrumb\"},\"inLanguage\":\"es\",\"potentialAction\":[{\"@type\":\"ReadAction\",\"target\":[\"https:\/\/location-vacances-andalousie.com\/condiciones-generales\/\"]}]},{\"@type\":\"BreadcrumbList\",\"@id\":\"https:\/\/location-vacances-andalousie.com\/condiciones-generales\/#breadcrumb\",\"itemListElement\":[{\"@type\":\"ListItem\",\"position\":1,\"name\":\"Accueil\",\"item\":\"https:\/\/location-vacances-andalousie.com\/es\/inicio\/\"},{\"@type\":\"ListItem\",\"position\":2,\"name\":\"Condiciones generales\"}]},{\"@type\":\"WebSite\",\"@id\":\"https:\/\/location-vacances-andalousie.com\/#website\",\"url\":\"https:\/\/location-vacances-andalousie.com\/\",\"name\":\"La Casa de Vicky\",\"description\":\"Location Vacances Andalousie\",\"potentialAction\":[{\"@type\":\"SearchAction\",\"target\":{\"@type\":\"EntryPoint\",\"urlTemplate\":\"https:\/\/location-vacances-andalousie.com\/?s={search_term_string}\"},\"query-input\":{\"@type\":\"PropertyValueSpecification\",\"valueRequired\":true,\"valueName\":\"search_term_string\"}}],\"inLanguage\":\"es\"}]}<\/script>\n<!-- \/ Yoast SEO plugin. -->","yoast_head_json":{"title":"Condiciones generales - La Casa de Vicky","robots":{"index":"index","follow":"follow","max-snippet":"max-snippet:-1","max-image-preview":"max-image-preview:large","max-video-preview":"max-video-preview:-1"},"canonical":"https:\/\/location-vacances-andalousie.com\/condiciones-generales\/","og_locale":"es_ES","og_type":"article","og_title":"Condiciones generales - La Casa de Vicky","og_description":"Condiciones generales Registro de entrada y salida La entrada es a partir de las 17 horas y la salida antes de las 11 horas. Si tiene alg\u00fan problema, inf\u00f3rmenos lo antes posible. Respeto por el medio ambiente Para su comodidad y la de sus vecinos, se han definido normas de uso de los locales. Estas [&hellip;]","og_url":"https:\/\/location-vacances-andalousie.com\/condiciones-generales\/","og_site_name":"La Casa de Vicky","twitter_card":"summary_large_image","twitter_misc":{"Tiempo de lectura":"2 minutos"},"schema":{"@context":"https:\/\/schema.org","@graph":[{"@type":"WebPage","@id":"https:\/\/location-vacances-andalousie.com\/condiciones-generales\/","url":"https:\/\/location-vacances-andalousie.com\/condiciones-generales\/","name":"Condiciones generales - La Casa de Vicky","isPartOf":{"@id":"https:\/\/location-vacances-andalousie.com\/#website"},"datePublished":"2022-03-22T09:32:06+00:00","dateModified":"2022-03-22T09:32:06+00:00","breadcrumb":{"@id":"https:\/\/location-vacances-andalousie.com\/condiciones-generales\/#breadcrumb"},"inLanguage":"es","potentialAction":[{"@type":"ReadAction","target":["https:\/\/location-vacances-andalousie.com\/condiciones-generales\/"]}]},{"@type":"BreadcrumbList","@id":"https:\/\/location-vacances-andalousie.com\/condiciones-generales\/#breadcrumb","itemListElement":[{"@type":"ListItem","position":1,"name":"Accueil","item":"https:\/\/location-vacances-andalousie.com\/es\/inicio\/"},{"@type":"ListItem","position":2,"name":"Condiciones generales"}]},{"@type":"WebSite","@id":"https:\/\/location-vacances-andalousie.com\/#website","url":"https:\/\/location-vacances-andalousie.com\/","name":"La Casa de Vicky","description":"Location Vacances Andalousie","potentialAction":[{"@type":"SearchAction","target":{"@type":"EntryPoint","urlTemplate":"https:\/\/location-vacances-andalousie.com\/?s={search_term_string}"},"query-input":{"@type":"PropertyValueSpecification","valueRequired":true,"valueName":"search_term_string"}}],"inLanguage":"es"}]}},"_links":{"self":[{"href":"https:\/\/location-vacances-andalousie.com\/es\/wp-json\/wp\/v2\/pages\/769"}],"collection":[{"href":"https:\/\/location-vacances-andalousie.com\/es\/wp-json\/wp\/v2\/pages"}],"about":[{"href":"https:\/\/location-vacances-andalousie.com\/es\/wp-json\/wp\/v2\/types\/page"}],"author":[{"embeddable":true,"href":"https:\/\/location-vacances-andalousie.com\/es\/wp-json\/wp\/v2\/users\/1"}],"replies":[{"embeddable":true,"href":"https:\/\/location-vacances-andalousie.com\/es\/wp-json\/wp\/v2\/comments?post=769"}],"version-history":[{"count":0,"href":"https:\/\/location-vacances-andalousie.com\/es\/wp-json\/wp\/v2\/pages\/769\/revisions"}],"wp:attachment":[{"href":"https:\/\/location-vacances-andalousie.com\/es\/wp-json\/wp\/v2\/media?parent=769"}],"curies":[{"name":"wp","href":"https:\/\/api.w.org\/{rel}","templated":true}]}}