{"id":765,"date":"2022-01-27T13:58:11","date_gmt":"2022-01-27T12:58:11","guid":{"rendered":"https:\/\/location-vacances-andalousie.com\/plano\/"},"modified":"2023-05-10T22:11:30","modified_gmt":"2023-05-10T20:11:30","slug":"plano","status":"publish","type":"page","link":"https:\/\/location-vacances-andalousie.com\/es\/plano\/","title":{"rendered":"Piso"},"content":{"rendered":"\n[et_pb_section fb_built=\u00bb1&#8243; admin_label=\u00bbHeader\u00bb _builder_version=\u00bb4.16&#8243; use_background_color_gradient=\u00bbon\u00bb background_color_gradient_type=\u00bbcircular\u00bb background_color_gradient_direction_radial=\u00bbtop left\u00bb background_color_gradient_stops=\u00bbrgba(255,255,255,0.89) 30%|rgba(255,255,255,0) 80%\u00bb background_color_gradient_overlays_image=\u00bbon\u00bb background_color_gradient_start=\u00bbrgba(255,255,255,0.89)\u00bb background_color_gradient_start_position=\u00bb30%\u00bb background_color_gradient_end=\u00bbrgba(255,255,255,0)\u00bb background_color_gradient_end_position=\u00bb80%\u00bb background_image=\u00bbhttps:\/\/location-vacances-andalousie.com\/wp-content\/uploads\/2022\/01\/salle-a\u0300-manger-scaled.jpg\u00bb custom_padding=\u00bb150px|0px|150px|0px|true|false\u00bb global_colors_info=\u00bb{}\u00bb][et_pb_row _builder_version=\u00bb4.16&#8243; global_colors_info=\u00bb{}\u00bb][et_pb_column type=\u00bb4_4&#8243; _builder_version=\u00bb4.16&#8243; custom_padding=\u00bb|||\u00bb global_colors_info=\u00bb{}\u00bb custom_padding__hover=\u00bb|||\u00bb][et_pb_text _builder_version=\u00bb4.16&#8243; text_font=\u00bb||||||||\u00bb header_font=\u00bbRaleway|700|||||||\u00bb header_font_size=\u00bb80px\u00bb header_line_height=\u00bb1.2em\u00bb header_5_font=\u00bbRaleway|700||on|||||\u00bb header_5_text_color=\u00bb#681E34&#8243; header_5_font_size=\u00bb20px\u00bb header_5_letter_spacing=\u00bb0.5em\u00bb header_5_line_height=\u00bb1.8em\u00bb animation_style=\u00bbzoom\u00bb animation_intensity_zoom=\u00bb5%\u00bb header_font_size_tablet=\u00bb48px\u00bb header_font_size_phone=\u00bb32px\u00bb header_font_size_last_edited=\u00bbon|phone\u00bb header_5_font_size_tablet=\u00bb14px\u00bb header_5_font_size_phone=\u00bb12px\u00bb header_5_font_size_last_edited=\u00bbon|desktop\u00bb global_colors_info=\u00bb{}\u00bb]<h5>Luminoso y confortable<\/h5>\n<h1>El Apartamento<\/h1>\n<h2><strong>Los Enamorados<\/strong><\/h2>\n<p>&nbsp;<\/p>[\/et_pb_text][\/et_pb_column][\/et_pb_row][\/et_pb_section][et_pb_section fb_built=\u00bb1&#8243; admin_label=\u00bbRoom Details\u00bb _builder_version=\u00bb4.16&#8243; global_colors_info=\u00bb{}\u00bb][et_pb_row column_structure=\u00bb3_5,2_5&#8243; _builder_version=\u00bb4.16&#8243; global_colors_info=\u00bb{}\u00bb][et_pb_column type=\u00bb3_5&#8243; _builder_version=\u00bb4.16&#8243; custom_padding=\u00bb|||\u00bb global_colors_info=\u00bb{}\u00bb custom_padding__hover=\u00bb|||\u00bb][et_pb_text _builder_version=\u00bb4.16&#8243; text_font=\u00bb||||||||\u00bb text_font_size=\u00bb16px\u00bb text_line_height=\u00bb2em\u00bb header_font=\u00bb||||||||\u00bb header_2_font=\u00bbRaleway|700|||||||\u00bb header_2_font_size=\u00bb50px\u00bb header_2_line_height=\u00bb1.2em\u00bb header_6_font=\u00bbRaleway|700||on|||||\u00bb header_6_font_size=\u00bb16px\u00bb header_6_letter_spacing=\u00bb5px\u00bb header_6_line_height=\u00bb1.2em\u00bb max_width=\u00bb700px\u00bb max_width_last_edited=\u00bboff|desktop\u00bb header_2_font_size_tablet=\u00bb35px\u00bb header_2_font_size_phone=\u00bb25px\u00bb header_2_font_size_last_edited=\u00bbon|phone\u00bb global_colors_info=\u00bb{}\u00bb]<p style=\"text-align: justify;\">Cerca del centro de El Puerto de Santa Mar\u00eda, a 800m de sus hermosas playas, cerca de la plaza de toro, el piso de Casa de Vicky ofrece todo el confort necesario para una agradable estancia en familia.<\/p>\n<p style=\"text-align: justify;\">Las numerosas tiendas locales cubrir\u00e1n todas sus necesidades in situ y los restaurantes del centro har\u00e1n las delicias de su paladar.<\/p>\n<p style=\"text-align: justify;\">El piso est\u00e1 en la 3\u00aa planta (sin ascensor) de un edificio tranquilo. Sus 70m2 ofrecen un espacio de vida \u00abcosy\u00bb y acogedor. Para un confort \u00f3ptimo, los 3 dormitorios y el sal\u00f3n tienen aire acondicionado (fr\u00edo y calor). El aparcamiento en la calle es gratuito.<\/p>[\/et_pb_text][\/et_pb_column][et_pb_column type=\u00bb2_5&#8243; _builder_version=\u00bb4.16&#8243; custom_padding=\u00bb|||\u00bb global_colors_info=\u00bb{}\u00bb custom_padding__hover=\u00bb|||\u00bb][et_pb_text _builder_version=\u00bb4.16&#8243; header_4_font=\u00bbRaleway|700|||||||\u00bb header_4_font_size=\u00bb20px\u00bb header_4_line_height=\u00bb1.4em\u00bb global_colors_info=\u00bb{}\u00bb]<h4>Descripci\u00f3n<\/h4>\n<ul>\n<li>2 habitaciones dobles con aire acondicionado<\/li>\n<li>1 habitaci\u00f3n individual climatizada con 1 cama adicional \u00abde caj\u00f3n\u00bb<\/li>\n<li>1 cuarto de ducha con aseo y lavadora<\/li>\n<li>1 sal\u00f3n comedor con aire acondicionado y terraza<\/li>\n<li>1 cocina con horno, placa, fregadero, nevera y congelador<\/li>\n<li>Toallas y s\u00e1banas<\/li>\n<li>Accesorios de playa<\/li>\n<li>Para su tranquilidad y la de sus vecinos, no se permiten las fiestas<\/li>\n<\/ul>[\/et_pb_text][\/et_pb_column][\/et_pb_row][et_pb_row _builder_version=\u00bb4.16&#8243; _module_preset=\u00bbdefault\u00bb global_colors_info=\u00bb{}\u00bb][et_pb_column type=\u00bb4_4&#8243; _builder_version=\u00bb4.16&#8243; _module_preset=\u00bbdefault\u00bb global_colors_info=\u00bb{}\u00bb][et_pb_divider color=\u00bb#FDC307&#8243; divider_style=\u00bbdashed\u00bb _builder_version=\u00bb4.16&#8243; _module_preset=\u00bbdefault\u00bb global_colors_info=\u00bb{}\u00bb][\/et_pb_divider][\/et_pb_column][\/et_pb_row][et_pb_row column_structure=\u00bb1_2,1_2&#8243; _builder_version=\u00bb4.16&#8243; _module_preset=\u00bbdefault\u00bb global_colors_info=\u00bb{}\u00bb][et_pb_column type=\u00bb1_2&#8243; _builder_version=\u00bb4.16&#8243; _module_preset=\u00bbdefault\u00bb global_colors_info=\u00bb{}\u00bb][et_pb_text _builder_version=\u00bb4.16&#8243; header_4_font=\u00bb|700|||||||\u00bb header_4_font_size=\u00bb20px\u00bb header_4_line_height=\u00bb1.4em\u00bb global_colors_info=\u00bb{}\u00bb]<h4>Tarifas y Condiciones<\/h4>\n<p><strong>Temporada baja (del 1 de noviembre al 30 de abril)<\/strong><\/p>\n<ul>\n<li>3 noches como m\u00ednimo<strong><\/strong><\/li>\n<li>75\u20ac por noche<\/li>\n<\/ul>\n<p><strong>Temporada alta (del 1 de mayo al 31 de octubre)<\/strong><\/p>\n<ul>\n<li>1 semana como m\u00ednimo<\/li>\n<li>800 por semana<\/li>\n<li>115 \u20ac por noche adicional<\/li>\n<\/ul>\n<p><strong>Periodos especiales<\/strong><\/p>\n<ul>\n<li>Especial Moto GP <\/li>\n<li>Especial Feria <\/li>\n<\/ul>\n<p><strong>Otras disposiciones<\/strong><\/p>\n<ul>\n<li>Tarifa de limpieza: 50\u20ac.<\/li>\n<li>Dep\u00f3sito en efectivo: 100\u20ac.<\/li>\n<li>Llegada (check-in) despu\u00e9s de las 17:00 horas<\/li>\n<li>Salida antes de las 11:00 horas<\/li>\n<li>No se permiten fiestas en el piso<\/li>\n<\/ul>\n<p>&nbsp;<\/p>[\/et_pb_text][\/et_pb_column][et_pb_column type=\u00bb1_2&#8243; _builder_version=\u00bb4.16&#8243; _module_preset=\u00bbdefault\u00bb global_colors_info=\u00bb{}\u00bb][et_pb_text _builder_version=\u00bb4.16&#8243; _module_preset=\u00bbdefault\u00bb header_font=\u00bb|700|||||||\u00bb header_4_font=\u00bb|700|||||||\u00bb header_4_text_color=\u00bb#000000&#8243; header_4_font_size=\u00bb20px\u00bb global_colors_info=\u00bb{}\u00bb]<h4>Disponibilidad<\/h4>[\/et_pb_text][mphb-divi-availability-calendar id=\u00bb283&#8243; _builder_version=\u00bb4.15.1&#8243; _module_preset=\u00bbdefault\u00bb global_colors_info=\u00bb{}\u00bb][\/mphb-divi-availability-calendar][\/et_pb_column][\/et_pb_row][et_pb_row _builder_version=\u00bb4.16&#8243; _module_preset=\u00bbdefault\u00bb global_colors_info=\u00bb{}\u00bb][et_pb_column type=\u00bb4_4&#8243; _builder_version=\u00bb4.16&#8243; _module_preset=\u00bbdefault\u00bb global_colors_info=\u00bb{}\u00bb][et_pb_text _builder_version=\u00bb4.16&#8243; _module_preset=\u00bbdefault\u00bb text_orientation=\u00bbcenter\u00bb global_colors_info=\u00bb{}\u00bb]<h4><strong>Direcci\u00f3n<\/strong><\/h4>\n<p>Piso 10, Calle Trebole El Puerto de Santa Mar\u00eda, CADIZ<\/p>[\/et_pb_text][et_pb_code _builder_version=\u00bb4.16&#8243; _module_preset=\u00bbdefault\u00bb text_orientation=\u00bbcenter\u00bb global_colors_info=\u00bb{}\u00bb]<iframe src=\"https:\/\/www.google.com\/maps\/embed?pb=!1m18!1m12!1m3!1d25626.973815941587!2d-6.255402962082528!3d36.593355279991734!2m3!1f0!2f0!3f0!3m2!1i1024!2i768!4f13.1!3m3!1m2!1s0xd0dd0209b043a79%3A0x9ee226087dbea01a!2sC.%20Tr%C3%A9bole%2C%2010%2C%2011500%20El%20Puerto%20de%20Sta%20Mar%C3%ADa%2C%20C%C3%A1diz%2C%20Espagne!5e0!3m2!1sfr!2sbe!4v1648225401699!5m2!1sfr!2sbe\" width=\"1000\" height=\"600\" style=\"border:0;\" allowfullscreen=\"\" loading=\"lazy\" referrerpolicy=\"no-referrer-when-downgrade\"><\/iframe>[\/et_pb_code][et_pb_divider color=\u00bb#FDC307&#8243; divider_style=\u00bbdashed\u00bb _builder_version=\u00bb4.16&#8243; _module_preset=\u00bbdefault\u00bb global_colors_info=\u00bb{}\u00bb][\/et_pb_divider][\/et_pb_column][\/et_pb_row][et_pb_row use_custom_gutter=\u00bbon\u00bb gutter_width=\u00bb1&#8243; _builder_version=\u00bb4.16&#8243; _module_preset=\u00bbdefault\u00bb global_colors_info=\u00bb{}\u00bb][et_pb_column type=\u00bb4_4&#8243; _builder_version=\u00bb4.16&#8243; _module_preset=\u00bbdefault\u00bb global_colors_info=\u00bb{}\u00bb][et_pb_text _builder_version=\u00bb4.16&#8243; _module_preset=\u00bbdefault\u00bb custom_margin=\u00bb||20px||false|false\u00bb global_colors_info=\u00bb{}\u00bb]<h2><strong>En unas pocas fotos<\/strong><\/h2>[\/et_pb_text][et_pb_gallery gallery_ids=\u00bb113,112,111,110,109,108,107,106,53,44,45&#8243; gallery_orderby=\u00bbrand\u00bb posts_number=\u00bb12&#8243; show_title_and_caption=\u00bboff\u00bb show_pagination=\u00bboff\u00bb _builder_version=\u00bb4.16&#8243; _module_preset=\u00bbdefault\u00bb animation_style=\u00bbfold\u00bb border_color_all_image=\u00bb#C7143D\u00bb box_shadow_style_image=\u00bbpreset2&#8243; global_colors_info=\u00bb{}\u00bb border_radii_image__hover_enabled=\u00bbon|desktop\u00bb border_radii_image__hover=\u00bbon|50px|50px|50px|50px\u00bb border_width_all_image__hover_enabled=\u00bbon|desktop\u00bb border_width_all_image__hover=\u00bb2px\u00bb][\/et_pb_gallery][\/et_pb_column][\/et_pb_row][\/et_pb_section][et_pb_section fb_built=\u00bb1&#8243; module_id=\u00bbbook\u00bb _builder_version=\u00bb4.16&#8243; _module_preset=\u00bbdefault\u00bb background_color=\u00bbrgba(253,195,7,0.17)\u00bb global_colors_info=\u00bb{}\u00bb][et_pb_row _builder_version=\u00bb4.16&#8243; _module_preset=\u00bbdefault\u00bb custom_padding=\u00bb||50px||false|false\u00bb global_colors_info=\u00bb{}\u00bb][et_pb_column type=\u00bb4_4&#8243; _builder_version=\u00bb4.16&#8243; _module_preset=\u00bbdefault\u00bb global_colors_info=\u00bb{}\u00bb][et_pb_text _builder_version=\u00bb4.16&#8243; _module_preset=\u00bbdefault\u00bb custom_margin=\u00bb||20px||false|false\u00bb global_colors_info=\u00bb{}\u00bb]<h2><strong>Reservar alojamiento<\/strong><\/h2>[\/et_pb_text][mphb-divi-availability-search form_style=\u00bbhorizontal-center\u00bb _builder_version=\u00bb4.16&#8243; _module_preset=\u00bbdefault\u00bb global_colors_info=\u00bb{}\u00bb][\/mphb-divi-availability-search][\/et_pb_column][\/et_pb_row][\/et_pb_section][et_pb_section fb_built=\u00bb1&#8243; admin_label=\u00bbAmenities\u00bb _builder_version=\u00bb4.16&#8243; background_color=\u00bb#ffffff\u00bb max_width=\u00bb90%\u00bb max_width_tablet=\u00bb\u00bb max_width_phone=\u00bb100%\u00bb max_width_last_edited=\u00bbon|phone\u00bb custom_margin=\u00bb||||false|false\u00bb border_color_all=\u00bb#ffffff\u00bb border_width_left=\u00bb10vw\u00bb global_colors_info=\u00bb{}\u00bb][et_pb_row _builder_version=\u00bb4.16&#8243; locked=\u00bboff\u00bb global_colors_info=\u00bb{}\u00bb][et_pb_column type=\u00bb4_4&#8243; _builder_version=\u00bb4.16&#8243; custom_padding=\u00bb|||\u00bb global_colors_info=\u00bb{}\u00bb custom_padding__hover=\u00bb|||\u00bb][et_pb_text _builder_version=\u00bb4.16&#8243; text_font=\u00bb||||||||\u00bb text_font_size=\u00bb16px\u00bb text_line_height=\u00bb2em\u00bb header_font=\u00bb||||||||\u00bb header_2_font=\u00bbRaleway|700|||||||\u00bb header_2_font_size=\u00bb50px\u00bb header_2_line_height=\u00bb1.2em\u00bb header_6_font=\u00bbRaleway|700||on|||||\u00bb header_6_text_color=\u00bb#681E34&#8243; header_6_font_size=\u00bb16px\u00bb header_6_letter_spacing=\u00bb5px\u00bb header_6_line_height=\u00bb1.8em\u00bb max_width=\u00bb512px\u00bb max_width_last_edited=\u00bboff|desktop\u00bb header_2_font_size_tablet=\u00bb35px\u00bb header_2_font_size_phone=\u00bb25px\u00bb header_2_font_size_last_edited=\u00bbon|phone\u00bb global_colors_info=\u00bb{}\u00bb]<h6>Informaci\u00f3n \u00fatil<\/h6>\n<h2>Condiciones espec\u00edficas<\/h2>[\/et_pb_text][\/et_pb_column][\/et_pb_row][et_pb_row column_structure=\u00bb1_2,1_2&#8243; _builder_version=\u00bb4.16&#8243; custom_margin=\u00bb5px|auto||auto||\u00bb custom_padding=\u00bb60px|||\u00bb border_color_all=\u00bb#f5f5f5&#8243; border_width_top=\u00bb2px\u00bb locked=\u00bboff\u00bb global_colors_info=\u00bb{}\u00bb][et_pb_column type=\u00bb1_2&#8243; _builder_version=\u00bb4.16&#8243; custom_padding=\u00bb|||\u00bb global_colors_info=\u00bb{}\u00bb custom_padding__hover=\u00bb|||\u00bb][et_pb_blurb title=\u00bbRegistro de entrada y salida\u00bb _builder_version=\u00bb4.16&#8243; header_level=\u00bbh5&#8243; header_font=\u00bbRaleway|700|||||||\u00bb header_font_size=\u00bb20px\u00bb header_line_height=\u00bb1.2em\u00bb body_font=\u00bb||||||||\u00bb body_line_height=\u00bb2em\u00bb custom_margin=\u00bb||10px|\u00bb global_colors_info=\u00bb{}\u00bb]<p>La entrada es a partir de las 17 horas y la salida antes de las 11 horas. En caso de problemas, inf\u00f3rmenos lo antes posible.<\/p>[\/et_pb_blurb][et_pb_blurb title=\u00bbRespeto por el medio ambiente\u00bb _builder_version=\u00bb4.16&#8243; header_level=\u00bbh5&#8243; header_font=\u00bbRaleway|700|||||||\u00bb header_font_size=\u00bb20px\u00bb header_line_height=\u00bb1.2em\u00bb body_font=\u00bb||||||||\u00bb body_line_height=\u00bb2em\u00bb custom_margin=\u00bb30px||10px||false|false\u00bb locked=\u00bboff\u00bb global_colors_info=\u00bb{}\u00bb]<p>Para su comodidad y la de sus vecinos, se han definido normas de uso de los locales. Estas normas se aplican desde el principio hasta el final de la estancia:<\/p>\n<ul>\n<li>Est\u00e1 prohibido fumar en las zonas interiores.<\/li>\n<li>No se admiten animales<\/li>\n<li>No est\u00e1 permitido hacer fiestas en el piso<\/li>\n<li>Se permite un m\u00e1ximo de 2 personas por habitaci\u00f3n.<\/li>\n<\/ul>[\/et_pb_blurb][\/et_pb_column][et_pb_column type=\u00bb1_2&#8243; _builder_version=\u00bb4.16&#8243; custom_padding=\u00bb|||\u00bb global_colors_info=\u00bb{}\u00bb custom_padding__hover=\u00bb|||\u00bb][et_pb_blurb title=\u00bbPol\u00edtica de cancelaci\u00f3n\u00bb _builder_version=\u00bb4.16&#8243; header_level=\u00bbh5&#8243; header_font=\u00bbRaleway|700|||||||\u00bb header_font_size=\u00bb20px\u00bb header_line_height=\u00bb1.2em\u00bb body_font=\u00bb||||||||\u00bb body_line_height=\u00bb2em\u00bb custom_margin=\u00bb||10px|\u00bb global_colors_info=\u00bb{}\u00bb]<p>A veces es necesario cancelar un viaje. Hemos optado por una pol\u00edtica de cancelaci\u00f3n respetuosa con el viajero y los anfitriones:<\/p>\n<p>Se puede cancelar hasta 30 d\u00edas antes de la fecha de llegada. S\u00f3lo se retendr\u00e1 una tasa administrativa de 15 euros.<\/p>\n<p><strong>Sp\u00e9cial P\u00e9riode Covid:<br><\/strong>Si en el momento de su estancia la normativa ya no permite viajar entre su pa\u00eds y Espa\u00f1a (o Andaluc\u00eda), la cancelaci\u00f3n es posible hasta 1 semana antes de la fecha de llegada.<\/p>[\/et_pb_blurb][\/et_pb_column][\/et_pb_row][\/et_pb_section][et_pb_section fb_built=\u00bb1&#8243; admin_label=\u00bbTestimonials\u00bb _builder_version=\u00bb4.16&#8243; use_background_color_gradient=\u00bbon\u00bb background_color_gradient_stops=\u00bbrgba(106,125,140,0.5) 0%|#6a7d8c 100%\u00bb background_color_gradient_overlays_image=\u00bbon\u00bb background_color_gradient_start=\u00bbrgba(106,125,140,0.5)\u00bb background_color_gradient_end=\u00bb#6a7d8c\u00bb background_image=\u00bbhttps:\/\/location-vacances-andalousie.com\/wp-content\/uploads\/2022\/01\/bed-and-breakfast-17.jpg\u00bb custom_padding=\u00bb8vw|0px|8vw|0px|true|false\u00bb global_colors_info=\u00bb{}\u00bb][et_pb_row _builder_version=\u00bb4.16&#8243; global_colors_info=\u00bb{}\u00bb][et_pb_column type=\u00bb4_4&#8243; _builder_version=\u00bb4.16&#8243; custom_padding=\u00bb|||\u00bb global_colors_info=\u00bb{}\u00bb custom_padding__hover=\u00bb|||\u00bb][et_pb_testimonial author=\u00bbCarl Dufour\u00bb portrait_url=\u00bbhttps:\/\/location-vacances-andalousie.com\/wp-content\/uploads\/2022\/01\/Carl-Dufour.jpeg\u00bb quote_icon=\u00bboff\u00bb _builder_version=\u00bb4.16&#8243; body_font=\u00bbRaleway||on||||||\u00bb body_font_size=\u00bb16px\u00bb body_line_height=\u00bb1.6em\u00bb use_background_color=\u00bboff\u00bb background_layout=\u00bbdark\u00bb max_width=\u00bb600px\u00bb module_alignment=\u00bbcenter\u00bb custom_margin_tablet=\u00bb|40px||40px||true\u00bb animation_style=\u00bbslide\u00bb animation_direction=\u00bbbottom\u00bb animation_intensity_slide=\u00bb5%\u00bb box_shadow_style_image=\u00bbpreset1&#8243; box_shadow_vertical_image=\u00bb10px\u00bb box_shadow_blur_image=\u00bb60px\u00bb box_shadow_spread_image=\u00bb10px\u00bb global_colors_info=\u00bb{}\u00bb]<div class=\"et_pb_testimonial_description_inner\">\n<div class=\"et_pb_testimonial_content\">\n<p>Maravilloso lugar, anfitriones muy acogedores que conocen todos los lugares adecuados para ir a excursiones incre\u00edbles y restaurantes locales baratos. Nunca olvidar\u00e9 la magn\u00edfica velada con tem\u00e1tica flamenca<\/p>\n<\/div>\n<\/div>[\/et_pb_testimonial][\/et_pb_column][\/et_pb_row][\/et_pb_section]\n","protected":false},"excerpt":{"rendered":"<p>Luminoso y confortable El Apartamento Los Enamorados &nbsp;Cerca del centro de El Puerto de Santa Mar\u00eda, a 800m de sus hermosas playas, cerca de la plaza de toro, el piso de Casa de Vicky ofrece todo el confort necesario para una agradable estancia en familia. Las numerosas tiendas locales cubrir\u00e1n todas sus necesidades in situ [&hellip;]<\/p>\n","protected":false},"author":1,"featured_media":0,"parent":0,"menu_order":0,"comment_status":"closed","ping_status":"closed","template":"","meta":{"_et_pb_use_builder":"on","_et_pb_old_content":"","_et_gb_content_width":"","footnotes":""},"yoast_head":"<!-- This site is optimized with the Yoast SEO plugin v23.5 - https:\/\/yoast.com\/wordpress\/plugins\/seo\/ -->\n<title>Piso - Vacaciones - Andaluc\u00eda - La Casa de Vicky<\/title>\n<meta name=\"description\" content=\"\u00bfTe gustar\u00eda alquilar un piso de 3 dormitorios a pocos minutos de las hermosas playas de El Puerto de Santa Mar\u00eda en Andaluc\u00eda?\" \/>\n<meta name=\"robots\" content=\"index, follow, max-snippet:-1, max-image-preview:large, max-video-preview:-1\" \/>\n<link rel=\"canonical\" href=\"https:\/\/location-vacances-andalousie.com\/es\/plano\/\" \/>\n<meta property=\"og:locale\" content=\"es_ES\" \/>\n<meta property=\"og:type\" content=\"article\" \/>\n<meta property=\"og:title\" content=\"Piso - Vacaciones - Andaluc\u00eda - La Casa de Vicky\" \/>\n<meta property=\"og:description\" content=\"\u00bfTe gustar\u00eda alquilar un piso de 3 dormitorios a pocos minutos de las hermosas playas de El Puerto de Santa Mar\u00eda en Andaluc\u00eda?\" \/>\n<meta property=\"og:url\" content=\"https:\/\/location-vacances-andalousie.com\/es\/plano\/\" \/>\n<meta property=\"og:site_name\" content=\"La Casa de Vicky\" \/>\n<meta property=\"article:modified_time\" content=\"2023-05-10T20:11:30+00:00\" \/>\n<meta name=\"twitter:card\" content=\"summary_large_image\" \/>\n<meta name=\"twitter:label1\" content=\"Tiempo de lectura\" \/>\n\t<meta name=\"twitter:data1\" content=\"9 minutos\" \/>\n<script type=\"application\/ld+json\" class=\"yoast-schema-graph\">{\"@context\":\"https:\/\/schema.org\",\"@graph\":[{\"@type\":\"WebPage\",\"@id\":\"https:\/\/location-vacances-andalousie.com\/es\/plano\/\",\"url\":\"https:\/\/location-vacances-andalousie.com\/es\/plano\/\",\"name\":\"Piso - Vacaciones - Andaluc\u00eda - La Casa de Vicky\",\"isPartOf\":{\"@id\":\"https:\/\/location-vacances-andalousie.com\/#website\"},\"datePublished\":\"2022-01-27T12:58:11+00:00\",\"dateModified\":\"2023-05-10T20:11:30+00:00\",\"description\":\"\u00bfTe gustar\u00eda alquilar un piso de 3 dormitorios a pocos minutos de las hermosas playas de El Puerto de Santa Mar\u00eda en Andaluc\u00eda?\",\"breadcrumb\":{\"@id\":\"https:\/\/location-vacances-andalousie.com\/es\/plano\/#breadcrumb\"},\"inLanguage\":\"es\",\"potentialAction\":[{\"@type\":\"ReadAction\",\"target\":[\"https:\/\/location-vacances-andalousie.com\/es\/plano\/\"]}]},{\"@type\":\"BreadcrumbList\",\"@id\":\"https:\/\/location-vacances-andalousie.com\/es\/plano\/#breadcrumb\",\"itemListElement\":[{\"@type\":\"ListItem\",\"position\":1,\"name\":\"Accueil\",\"item\":\"https:\/\/location-vacances-andalousie.com\/es\/inicio\/\"},{\"@type\":\"ListItem\",\"position\":2,\"name\":\"Piso\"}]},{\"@type\":\"WebSite\",\"@id\":\"https:\/\/location-vacances-andalousie.com\/#website\",\"url\":\"https:\/\/location-vacances-andalousie.com\/\",\"name\":\"La Casa de Vicky\",\"description\":\"Location Vacances Andalousie\",\"potentialAction\":[{\"@type\":\"SearchAction\",\"target\":{\"@type\":\"EntryPoint\",\"urlTemplate\":\"https:\/\/location-vacances-andalousie.com\/?s={search_term_string}\"},\"query-input\":{\"@type\":\"PropertyValueSpecification\",\"valueRequired\":true,\"valueName\":\"search_term_string\"}}],\"inLanguage\":\"es\"}]}<\/script>\n<!-- \/ Yoast SEO plugin. -->","yoast_head_json":{"title":"Piso - Vacaciones - Andaluc\u00eda - La Casa de Vicky","description":"\u00bfTe gustar\u00eda alquilar un piso de 3 dormitorios a pocos minutos de las hermosas playas de El Puerto de Santa Mar\u00eda en Andaluc\u00eda?","robots":{"index":"index","follow":"follow","max-snippet":"max-snippet:-1","max-image-preview":"max-image-preview:large","max-video-preview":"max-video-preview:-1"},"canonical":"https:\/\/location-vacances-andalousie.com\/es\/plano\/","og_locale":"es_ES","og_type":"article","og_title":"Piso - Vacaciones - Andaluc\u00eda - La Casa de Vicky","og_description":"\u00bfTe gustar\u00eda alquilar un piso de 3 dormitorios a pocos minutos de las hermosas playas de El Puerto de Santa Mar\u00eda en Andaluc\u00eda?","og_url":"https:\/\/location-vacances-andalousie.com\/es\/plano\/","og_site_name":"La Casa de Vicky","article_modified_time":"2023-05-10T20:11:30+00:00","twitter_card":"summary_large_image","twitter_misc":{"Tiempo de lectura":"9 minutos"},"schema":{"@context":"https:\/\/schema.org","@graph":[{"@type":"WebPage","@id":"https:\/\/location-vacances-andalousie.com\/es\/plano\/","url":"https:\/\/location-vacances-andalousie.com\/es\/plano\/","name":"Piso - Vacaciones - Andaluc\u00eda - La Casa de Vicky","isPartOf":{"@id":"https:\/\/location-vacances-andalousie.com\/#website"},"datePublished":"2022-01-27T12:58:11+00:00","dateModified":"2023-05-10T20:11:30+00:00","description":"\u00bfTe gustar\u00eda alquilar un piso de 3 dormitorios a pocos minutos de las hermosas playas de El Puerto de Santa Mar\u00eda en Andaluc\u00eda?","breadcrumb":{"@id":"https:\/\/location-vacances-andalousie.com\/es\/plano\/#breadcrumb"},"inLanguage":"es","potentialAction":[{"@type":"ReadAction","target":["https:\/\/location-vacances-andalousie.com\/es\/plano\/"]}]},{"@type":"BreadcrumbList","@id":"https:\/\/location-vacances-andalousie.com\/es\/plano\/#breadcrumb","itemListElement":[{"@type":"ListItem","position":1,"name":"Accueil","item":"https:\/\/location-vacances-andalousie.com\/es\/inicio\/"},{"@type":"ListItem","position":2,"name":"Piso"}]},{"@type":"WebSite","@id":"https:\/\/location-vacances-andalousie.com\/#website","url":"https:\/\/location-vacances-andalousie.com\/","name":"La Casa de Vicky","description":"Location Vacances Andalousie","potentialAction":[{"@type":"SearchAction","target":{"@type":"EntryPoint","urlTemplate":"https:\/\/location-vacances-andalousie.com\/?s={search_term_string}"},"query-input":{"@type":"PropertyValueSpecification","valueRequired":true,"valueName":"search_term_string"}}],"inLanguage":"es"}]}},"_links":{"self":[{"href":"https:\/\/location-vacances-andalousie.com\/es\/wp-json\/wp\/v2\/pages\/765"}],"collection":[{"href":"https:\/\/location-vacances-andalousie.com\/es\/wp-json\/wp\/v2\/pages"}],"about":[{"href":"https:\/\/location-vacances-andalousie.com\/es\/wp-json\/wp\/v2\/types\/page"}],"author":[{"embeddable":true,"href":"https:\/\/location-vacances-andalousie.com\/es\/wp-json\/wp\/v2\/users\/1"}],"replies":[{"embeddable":true,"href":"https:\/\/location-vacances-andalousie.com\/es\/wp-json\/wp\/v2\/comments?post=765"}],"version-history":[{"count":8,"href":"https:\/\/location-vacances-andalousie.com\/es\/wp-json\/wp\/v2\/pages\/765\/revisions"}],"predecessor-version":[{"id":19374,"href":"https:\/\/location-vacances-andalousie.com\/es\/wp-json\/wp\/v2\/pages\/765\/revisions\/19374"}],"wp:attachment":[{"href":"https:\/\/location-vacances-andalousie.com\/es\/wp-json\/wp\/v2\/media?parent=765"}],"curies":[{"name":"wp","href":"https:\/\/api.w.org\/{rel}","templated":true}]}}